{"id":76,"date":"2015-09-18T11:52:12","date_gmt":"2015-09-18T10:52:12","guid":{"rendered":"http:\/\/cargo.omnicom-dev.com\/transport-company\/?page_id=76"},"modified":"2021-12-10T03:50:47","modified_gmt":"2021-12-10T03:50:47","slug":"maritimo","status":"publish","type":"page","link":"https:\/\/coings.com.co\/home\/services\/maritimo\/","title":{"rendered":"Transporte Mar\u00edtimo"},"content":{"rendered":"<div class=\"bt_rc_container\"><section id=\"bt_section69d1b98d723dc\" data-parallax=\"0.1\" data-parallax-offset=\"0\" class=\"boldSection topExtraSpaced bottomSpaced btDarkSkin gutter btMiddleVertical btParallax wBackground cover\" style=\"background-image:url('https:\/\/coings.com.co\/home\/wp-content\/uploads\/2015\/09\/Dark_Boat.jpg');\"><div class=\"port\"><div class=\"boldCell\"><div class=\"boldCellInner\"><div class=\"boldRow \" ><div class=\"rowItem col-md-12 col-ms-12  btTextLeft animate animate-fadein animate-moveleft inherit\"  ><div class=\"rowItemContent\"><header class=\"header btClear extralarge btDash bottomDash  btAccentDash btRegularTitle\" style=\"max-width: 800px;\"><p class=\"btSuperTitle\">Siempre Presentes<\/p><div class=\"dash\"><h1><span class=\"headline\">EN VIA MARITIMA<\/span><\/h1><\/div><p class=\"btSubTitle\">Contamos con un personal id\u00f3neo para el manejo de su carga.<\/p><\/header><div class=\"btClear btSeparator bottomSemiSpaced noBorder\" ><hr><\/div><div class=\"btBtn btBtn btnFilled btnIconLeftPosition btnAccentColor btnSmall btnNormal btnIco\" ><div class=\"btIco borderless extrasmall\"><a href=\"#\"  data-ico-fa=\"&#xf0e5;\" class=\"btIcoHolder\"><span>Contacto<\/span><\/a><\/div><\/div><div class=\"btBtn btBtn btnFilled btnIconLeftPosition btnNormalColor btnSmall btnNormal btnIco\" ><div class=\"btIco borderless extrasmall\"><a href=\"#\"  data-ico-cs=\"&#xe61d;\" class=\"btIcoHolder\"><span>Servicios<\/span><\/a><\/div><\/div><\/div><\/div><\/div><\/div><\/div><\/div><\/section><section id=\"bt_section69d1b98d72ee6\"  class=\"boldSection topSpaced bottomSemiSpaced gutter inherit\" ><div class=\"port\"><div class=\"boldCell\"><div class=\"boldCellInner\"><div class=\"boldRow \" ><div class=\"rowItem col-md-9 col-ms-12  btTextLeft\"  ><div class=\"rowItemContent\"><header class=\"header btClear medium  btAccentDash btRegularTitle\" ><p class=\"btSuperTitle\">SERVICIO DE<\/p><div class=\"dash\"><h3><span class=\"headline\">IMPORTACION Y EXPORTACION VIA MARITIMA<\/span><\/h3><\/div><\/header><div class=\"btClear btSeparator topSmallSpaced noBorder\" ><hr><\/div><div class=\"slided smallSliderHeight btSliderHideArrows\"  data-slick='{\"autoplay\":true,\"autoplaySpeed\":3000,\"pauseOnHover\":false,\"pauseOnDotsHover\":true}'><div class=\"slidedItem firstItem\"  data-thumb=\"https:\/\/coings.com.co\/home\/wp-content\/uploads\/2015\/09\/shutterstock_154792133-320x209.jpg\"><div class=\"btSliderPort wBackground cover\" style=\"background-image: url('https:\/\/coings.com.co\/home\/wp-content\/uploads\/2015\/09\/shutterstock_154792133.jpg')\"><div class=\"btSliderCell\" data-slick=\"yes\"><div class=\"btSlideGutter\"><div class=\"btSlidePane\"><\/div><\/div><\/div><\/div><\/div><div class=\"slidedItem firstItem\"  data-thumb=\"https:\/\/coings.com.co\/home\/wp-content\/uploads\/2015\/09\/Harbor-warehouse-320x213.jpg\"><div class=\"btSliderPort wBackground cover\" style=\"background-image: url('https:\/\/coings.com.co\/home\/wp-content\/uploads\/2015\/09\/Harbor-warehouse.jpg')\"><div class=\"btSliderCell\" data-slick=\"yes\"><div class=\"btSlideGutter\"><div class=\"btSlidePane\"><\/div><\/div><\/div><\/div><\/div><div class=\"slidedItem firstItem\"  data-thumb=\"https:\/\/coings.com.co\/home\/wp-content\/uploads\/2015\/09\/shutterstock_145340113-320x320.jpg\"><div class=\"btSliderPort wBackground cover\" style=\"background-image: url('https:\/\/coings.com.co\/home\/wp-content\/uploads\/2015\/09\/shutterstock_145340113.jpg')\"><div class=\"btSliderCell\" data-slick=\"yes\"><div class=\"btSlideGutter\"><div class=\"btSlidePane\"><\/div><\/div><\/div><\/div><\/div><\/div><div class=\"btClear btSeparator topSemiSpaced noBorder\" ><hr><\/div><div class=\"btText\"><p>Nosotros nos encargamos de la Coordinaci\u00f3n de transporte mar\u00edtimo internacional, para la movilizaci\u00f3n de carga desde y hacia m\u00faltiples destinos en el mundo, con operaci\u00f3n directa en los principales puertos Colombianos: Buenaventura, Cartagena, Barranquilla y Santa Marta.<\/p>\n<blockquote><p>Importaci\u00f3n y exportaci\u00f3n FCL (Full Container Load \/ Contenedores completos) y LCL (Less than Container Load \/ carga suelta).<\/p><\/blockquote>\n<blockquote><p>Movimiento de carga Bulk (extra pesada y\/o extra dimensionada<\/p><\/blockquote>\n<blockquote><p>Log\u00edstica de carga para mercanc\u00eda peligrosa, carga seca y perecederos<\/p><\/blockquote>\n<blockquote><p>Coordinaci\u00f3n de operaciones mar\u00edtimas con requerimientos log\u00edsticos especiales como cabotajes, manejo de operaciones DAP, DAT o DDP, tanto en Colombia como en otros pa\u00edses.<\/p><\/blockquote>\n<\/div><\/div><\/div><div class=\"rowItem col-md-3 col-sm-6 col-ms-12 btTextLeft inherit btDoublePadding\"  ><div class=\"rowItemContent\"><header class=\"header btClear small  btAccentDash btRegularTitle\" ><p class=\"btSuperTitle\">TODOS NUESTROS<\/p><div class=\"dash\"><h4><span class=\"headline\">SERVICIOS<\/span><\/h4><\/div><\/header><div class=\"btCustomMenu \" ><div class=\"menu-servicios-container\"><ul id=\"menu-servicios\" class=\"menu\"><li id=\"menu-item-1150\" class=\"menu-item menu-item-type-post_type menu-item-object-page menu-item-1150\"><a title=\"\t\t\t\t\t\t\" href=\"https:\/\/coings.com.co\/home\/services\/aereo\/\">Transporte A\u00e9reo<\/a><\/li><li id=\"menu-item-1149\" class=\"menu-item menu-item-type-post_type menu-item-object-page menu-item-1149\"><a title=\"\t\t\t\t\t\t\" href=\"https:\/\/coings.com.co\/home\/services\/maritimo\/\">Transporte Mar\u00edtimo<\/a><\/li><li id=\"menu-item-1151\" class=\"menu-item menu-item-type-post_type menu-item-object-page menu-item-1151\"><a title=\"\t\t\t\t\t\t\" href=\"https:\/\/coings.com.co\/home\/services\/transporte_terrestre\/\">Transporte Terrestre<\/a><\/li><li id=\"menu-item-2337\" class=\"menu-item menu-item-type-post_type menu-item-object-page menu-item-2337\"><a href=\"https:\/\/coings.com.co\/home\/services\/transporte-multimodal\/\">Transporte Multimodal (OTM)<\/a><\/li>\n<\/ul><\/div><\/div><div class=\"btClear btSeparator topSemiSpaced noBorder\" ><hr><\/div><header class=\"header btClear small  btAccentDash btRegularTitle\" ><p class=\"btSuperTitle\">ARCHIVOS<\/p><div class=\"dash\"><h4><span class=\"headline\">DESCARGABLES<\/span><\/h4><\/div><\/header><div class=\"btBtn btBtn btnOutline btnIconLeftPosition btnLightColor btnSmall btnFull btnIco\" ><div class=\"btIco borderless extrasmall\"><a href=\"#\"  target=\"_blank\"  data-ico-fa=\"&#xf1c1;\" class=\"btIcoHolder\"><span>Nuestro Portafolio<\/span><\/a><\/div><\/div><div class=\"btClear btSeparator topExtraSmallSpaced noBorder\" ><hr><\/div><div class=\"btBtn btBtn btnOutline btnIconLeftPosition btnLightColor btnSmall btnFull btnIco\" ><div class=\"btIco borderless extrasmall\"><a href=\"#\"  target=\"_blank\"  data-ico-fa=\"&#xf1ec;\" class=\"btIcoHolder\"><span>Otros Servicios<\/span><\/a><\/div><\/div><div class=\"btClear btSeparator topSpaced noBorder\" ><hr><\/div><header class=\"header btClear small  btAccentDash btRegularTitle\" ><div class=\"dash\"><h4><span class=\"headline\">CONTACTENOS<\/span><\/h4><\/div><\/header><div class=\"btIconImageRow\" ><div class=\"btIco borderless extrasmall\"><span  data-ico-fa=\"&#xf098;\" class=\"btIcoHolder\"><span>Tel\u00e9fono: +(57) 313 282 7963<\/span><\/span><\/div><\/div><div class=\"btIconImageRow\" ><div class=\"btIco borderless extrasmall\"><span  data-ico-fa=\"&#xf0e0;\" class=\"btIcoHolder\"><span>Mail: coingscolombia@gmail.com<\/span><\/span><\/div><\/div><div class=\"btClear btSeparator topSmallSpaced noBorder\" ><hr><\/div><\/div><\/div><\/div><\/div><\/div><\/div><\/section><section id=\"bt_section69d1b98d77b6a\"  class=\"boldSection bottomSpaced gutter inherit\" ><div class=\"port\"><div class=\"boldCell\"><div class=\"boldCellInner\"><div class=\"boldRow \" ><div class=\"rowItem col-md-3 col-sm-6 col-ms-12 btTextLeft animate animate-fadein btHighlight inherit\"  ><div class=\"rowItemContent\"><div class=\"btClear btSeparator topSemiSpaced noBorder\" ><hr><\/div><div class=\"servicesItem  mediumIcon borderlessIconType \"><div class=\"sIcon\"><div class=\"btIco medium borderless\"><span  data-ico-cs=\"&#xe636;\" class=\"btIcoHolder\"><\/span><\/div><\/div><div class=\"sTxt\"><header class=\"header btClear extrasmall\" ><div class=\"dash\"><h4><span class=\"headline\">NUESTRA EXPERIENCIA<\/span><\/h4><\/div><\/header><p>El tiempo nos da la raz\u00f3n en el desarrollo de nuestros procesos log\u00edsticos.<br><\/p><\/div><\/div><div class=\"btClear btSeparator topSemiSpaced noBorder\" ><hr><\/div><\/div><\/div><div class=\"rowItem col-md-3 col-sm-6 col-ms-12 btTextLeft animate animate-fadein btHighlight inherit\"  ><div class=\"rowItemContent\"><div class=\"btClear btSeparator topSemiSpaced noBorder\" ><hr><\/div><div class=\"servicesItem  mediumIcon borderlessIconType \"><div class=\"sIcon\"><div class=\"btIco medium borderless\"><span  data-ico-cs=\"&#xe627;\" class=\"btIcoHolder\"><\/span><\/div><\/div><div class=\"sTxt\"><header class=\"header btClear extrasmall\" ><div class=\"dash\"><h4><span class=\"headline\">CALIDAD<\/span><\/h4><\/div><\/header><p>Contamos con procesos de alta calidad en nuestra log\u00edstica en el dia a dia.<br><\/p><\/div><\/div><div class=\"btClear btSeparator topSemiSpaced noBorder\" ><hr><\/div><\/div><\/div><div class=\"rowItem col-md-3 col-sm-6 col-ms-12 btTextLeft animate animate-fadein btHighlight inherit\"  ><div class=\"rowItemContent\"><div class=\"btClear btSeparator topSemiSpaced noBorder\" ><hr><\/div><div class=\"servicesItem  mediumIcon borderlessIconType \"><div class=\"sIcon\"><div class=\"btIco medium borderless\"><span  data-ico-cs=\"&#xe61c;\" class=\"btIcoHolder\"><\/span><\/div><\/div><div class=\"sTxt\"><header class=\"header btClear extrasmall\" ><div class=\"dash\"><h4><span class=\"headline\">PERSONAL CALIFICADO<\/span><\/h4><\/div><\/header><p>Nuestra empresa cuenta con un personal comprometido y calificado en cada procesos.<br><\/p><\/div><\/div><div class=\"btClear btSeparator topSemiSpaced noBorder\" ><hr><\/div><\/div><\/div><div class=\"rowItem col-md-3 col-sm-6 col-ms-12 btTextLeft animate animate-fadein inherit btDoublePadding\"  ><div class=\"rowItemContent\"><div class=\"btClear btSeparator topSemiSpaced noBorder\" ><hr><\/div><header class=\"header btClear small  btAccentDash btRegularTitle\" ><p class=\"btSuperTitle\">NUESTROS SERVICIOS<\/p><div class=\"dash\"><h4><span class=\"headline\">VER LOS DETALLLES<\/span><\/h4><\/div><\/header><\/div><\/div><\/div><\/div><\/div><\/div><\/section><\/div>","protected":false},"excerpt":{"rendered":"Siempre PresentesEN VIA MARITIMAContamos con un personal id\u00f3neo para el manejo de su carga.ContactoServiciosSERVICIO DEIMPORTACION Y EXPORTACION VIA MARITIMANosotros nos encargamos de la Coordinaci\u00f3n de transporte mar\u00edtimo internacional, para la movilizaci\u00f3n de carga desde y hacia m\u00faltiples destinos en el mundo, con operaci\u00f3n directa en los principales puertos Colombianos: Buenaventura, Cartagena, Barranquilla y Santa Marta. [...]","protected":false},"author":2,"featured_media":0,"parent":56,"menu_order":0,"comment_status":"closed","ping_status":"closed","template":"","meta":[],"_links":{"self":[{"href":"https:\/\/coings.com.co\/home\/wp-json\/wp\/v2\/pages\/76"}],"collection":[{"href":"https:\/\/coings.com.co\/home\/wp-json\/wp\/v2\/pages"}],"about":[{"href":"https:\/\/coings.com.co\/home\/wp-json\/wp\/v2\/types\/page"}],"author":[{"embeddable":true,"href":"https:\/\/coings.com.co\/home\/wp-json\/wp\/v2\/users\/2"}],"replies":[{"embeddable":true,"href":"https:\/\/coings.com.co\/home\/wp-json\/wp\/v2\/comments?post=76"}],"version-history":[{"count":16,"href":"https:\/\/coings.com.co\/home\/wp-json\/wp\/v2\/pages\/76\/revisions"}],"predecessor-version":[{"id":2332,"href":"https:\/\/coings.com.co\/home\/wp-json\/wp\/v2\/pages\/76\/revisions\/2332"}],"up":[{"embeddable":true,"href":"https:\/\/coings.com.co\/home\/wp-json\/wp\/v2\/pages\/56"}],"wp:attachment":[{"href":"https:\/\/coings.com.co\/home\/wp-json\/wp\/v2\/media?parent=76"}],"curies":[{"name":"wp","href":"https:\/\/api.w.org\/{rel}","templated":true}]}}