{"id":58,"date":"2015-09-18T11:44:58","date_gmt":"2015-09-18T10:44:58","guid":{"rendered":"http:\/\/cargo.omnicom-dev.com\/transport-company\/?page_id=58"},"modified":"2021-10-23T19:31:02","modified_gmt":"2021-10-23T19:31:02","slug":"nosotros","status":"publish","type":"page","link":"https:\/\/coings.com.co\/home\/nosotros\/","title":{"rendered":"Nosotros"},"content":{"rendered":"<div class=\"bt_rc_container\"><section id=\"bt_section69d1b688587c5\" data-parallax=\"0.1\" data-parallax-offset=\"0\" class=\"boldSection topExtraSpaced bottomMoreSpaced btDarkSkin gutter btMiddleVertical btParallax wBackground cover\" style=\"background-image:url('https:\/\/coings.com.co\/home\/wp-content\/uploads\/2015\/10\/airliner-plane-sunset-1.jpg');\"><div class=\"port\"><div class=\"boldCell\"><div class=\"boldCellInner\"><div class=\"boldRow \" ><div class=\"rowItem col-md-12 col-ms-12  btTextLeft animate animate-fadein animate-moveleft inherit\"  ><div class=\"rowItemContent\"><header class=\"header btClear extralarge btDash bottomDash  btAccentDash btRegularTitle\" style=\"max-width: 800px;\"><p class=\"btSuperTitle\">Bienvenidos a<\/p><div class=\"dash\"><h1><span class=\"headline\">COMERCIALIZADORA INTERNCIONAL GS S.A.S.<\/span><\/h1><\/div><p class=\"btSubTitle\">\u00abEL BUEN SERVICIO\u00ab<\/p><\/header><div class=\"btClear btSeparator bottomSemiSpaced noBorder\" ><hr><\/div><div class=\"btBtn btBtn btnFilled btnIconLeftPosition btnAccentColor btnSmall btnNormal btnIco\" ><div class=\"btIco borderless extrasmall\"><a href=\"#\"  data-ico-cs=\"&#xe606;\" class=\"btIcoHolder\"><span>Nuestro Portafolio<\/span><\/a><\/div><\/div><div class=\"btBtn btBtn btnFilled btnIconLeftPosition btnNormalColor btnSmall btnNormal btnIco\" ><div class=\"btIco borderless extrasmall\"><a href=\"https:\/\/coings.com.co\/home\/nosotros\/contactenos\/\"  data-ico-cs=\"&#xe607;\" class=\"btIcoHolder\"><span>Solicite una Cotizaci\u00f3n<\/span><\/a><\/div><\/div><\/div><\/div><\/div><\/div><\/div><\/div><\/section><section id=\"bt_section69d1b688598d5\" data-parallax=\"0.1\" data-parallax-offset=\"0\" class=\"boldSection topSmallSpaced bottomSmallSpaced btDarkSkin gutter inherit btParallax wBackground cover\" style=\"background-color:#0b60a9;background-image:url('https:\/\/coings.com.co\/home\/wp-content\/uploads\/2015\/09\/Transparent-background-with-dots.png');\"><div class=\"port\"><div class=\"boldCell\"><div class=\"boldCellInner\"><div class=\"boldRow \" ><div class=\"rowItem col-md-3 col-sm-6 col-ms-12 btTextLeft animate animate-fadein btMiddleVertical\"  ><div class=\"rowItemContent\"><div class=\"btClear btSeparator topExtraSmallSpaced noBorder\" ><hr><\/div><div class=\"servicesItem  mediumIcon colorless borderlessIconType \"><div class=\"sIcon\"><div class=\"btIco medium colorless borderless\"><span  data-ico-cs=\"&#xe60f;\" class=\"btIcoHolder\"><\/span><\/div><\/div><div class=\"sTxt\"><header class=\"header btClear extrasmall\" ><div class=\"dash\"><h4><span class=\"headline\">SERVICIO AL CLIENTE<\/span><\/h4><\/div><\/header><p>Linea de Soporte\r<br>+57 313 282 7963<br><\/p><\/div><\/div><div class=\"btClear btSeparator topExtraSmallSpaced noBorder\" ><hr><\/div><\/div><\/div><div class=\"rowItem btLeftBorder col-md-3 col-sm-6 col-ms-12 btTextLeft animate animate-fadein btMiddleVertical\"  ><div class=\"rowItemContent\"><div class=\"btClear btSeparator topExtraSmallSpaced noBorder\" ><hr><\/div><div class=\"servicesItem  mediumIcon colorless borderlessIconType \"><div class=\"sIcon\"><div class=\"btIco medium colorless borderless\"><span  data-ico-cs=\"&#xe610;\" class=\"btIcoHolder\"><\/span><\/div><\/div><div class=\"sTxt\"><header class=\"header btClear extrasmall\" ><div class=\"dash\"><h4><span class=\"headline\">HORARIO DE ATENCI\u00d3N<\/span><\/h4><\/div><\/header><p>Lunes \u2013 Viernes 9AM \u2013 5PM\r<br>S\u00e1bado 9AM \u2013 3PM<br><\/p><\/div><\/div><div class=\"btClear btSeparator topExtraSmallSpaced noBorder\" ><hr><\/div><\/div><\/div><div class=\"rowItem btLeftBorder col-md-3 col-sm-6 col-ms-12 btTextLeft animate animate-fadein btMiddleVertical\"  ><div class=\"rowItemContent\"><div class=\"btClear btSeparator topExtraSmallSpaced noBorder\" ><hr><\/div><div class=\"servicesItem  mediumIcon colorless borderlessIconType \"><div class=\"sIcon\"><div class=\"btIco medium colorless borderless\"><span  data-ico-cs=\"&#xe663;\" class=\"btIcoHolder\"><\/span><\/div><\/div><div class=\"sTxt\"><header class=\"header btClear extrasmall\" ><div class=\"dash\"><h4><span class=\"headline\">NUESTRA OFICINA<\/span><\/h4><\/div><\/header><p>Av. Calle 22 # 40 \u2013 37 Piso 3\r<br>Bogot\u00e1 D.C. , Colombia.<br><\/p><\/div><\/div><div class=\"btClear btSeparator topExtraSmallSpaced noBorder\" ><hr><\/div><\/div><\/div><div class=\"rowItem col-md-3 col-sm-6 col-ms-12 btTextLeft animate animate-fadein btHighlight btMiddleVertical btNoPadding\" style=\"z-index: 10;\" ><div class=\"rowItemContent\"><div class=\"btClear btSeparator topSmallSpaced noBorder\" ><hr><\/div><div class=\"servicesItem  mediumIcon colorless borderlessIconType \"><div class=\"sIcon\"><div class=\"btIco medium colorless borderless\"><span  data-ico-cs=\"&#xe618;\" class=\"btIcoHolder\"><\/span><\/div><\/div><div class=\"sTxt\"><header class=\"header btClear extrasmall\" ><div class=\"dash\"><h4><span class=\"headline\">PRINCIPALES SERVICIOS<\/span><\/h4><\/div><\/header><p><\/p><\/div><\/div><div class=\"btDropdown \" style=\"margin-top:-35px; margin-left: 75px; padding-right: 30px;\"><select class=\"btDropdownSelect\"><option value=\"\">Seleccionar Servicio<\/option><option value=\"trucking-cost-calculator\r\">Trucking<\/option><option value=\"air-cargo-cost-calculator\r\">Air Cargo<\/option><option value=\"ocean-cargo-cost-calculator\r\">Ocean Cargo<\/option><option value=\"courier-services-cost-calculator\">Courier Services<\/option><\/select><\/div><div class=\"btClear btSeparator topSmallSpaced noBorder\" ><hr><\/div><\/div><\/div><\/div><\/div><\/div><\/div><\/section><section id=\"bt_section69d1b6885ae23\" data-parallax=\"0\" data-parallax-offset=\"0\" class=\"boldSection topSpaced bottomSpaced gutter inherit btParallax wBackground cover\" style=\"background-image:url('https:\/\/coings.com.co\/home\/wp-content\/uploads\/2015\/09\/Transparent-background-with-dots.png');\"><div class=\"port\"><div class=\"boldCell\"><div class=\"boldCellInner\"><div class=\"boldRow \" ><div class=\"rowItem col-sm-4 col-ms-12 btTextRight animate animate-fadein animate-moveright inherit btDoublePadding\"  ><div class=\"rowItemContent\"><div class=\"btClear btSeparator topSemiSpaced noBorder\" ><hr><\/div><header class=\"header btClear medium  btAccentDash btRegularTitle\" ><p class=\"btSuperTitle\">NUESTRA EMPRESA<\/p><div class=\"dash\"><h3><span class=\"headline\">COIN GS S.A.S.<\/span><\/h3><\/div><\/header><\/div><\/div><div class=\"rowItem col-sm-4 col-ms-12 btTextLeft animate animate-fadein btHighlight inherit btDoublePadding\"  ><div class=\"rowItemContent\"><div class=\"btClear btSeparator topSemiSpaced noBorder\" ><hr><\/div><div class=\"servicesItem  mediumIcon borderlessIconType \"><div class=\"sIcon\"><div class=\"btIco medium borderless\"><span  data-ico-cs=\"&#xe64d;\" class=\"btIcoHolder\"><\/span><\/div><\/div><div class=\"sTxt\"><header class=\"header btClear extrasmall\" ><div class=\"dash\"><h4><span class=\"headline\">EL BUEN SERVICIO.<\/span><\/h4><\/div><\/header><p>Es una empresa comprometida con la parte social y productiva como lo indica nuestros slogan \u00a8THE GOOD SERVICE\u00a8, es lograr romper las barreras internacionales para que los productos nacionales que son fabricados y cosechados en las ciudades y campos de nuestro pa\u00eds COLOMBIA.<br><\/p><\/div><\/div><div class=\"btClear btSeparator topSemiSpaced noBorder\" ><hr><\/div><\/div><\/div><div class=\"rowItem col-sm-4 col-ms-12 btTextLeft animate animate-fadein btHighlight inherit btDoublePadding\"  ><div class=\"rowItemContent\"><div class=\"btClear btSeparator topSemiSpaced noBorder\" ><hr><\/div><div class=\"servicesItem  mediumIcon borderlessIconType \"><div class=\"sIcon\"><div class=\"btIco medium borderless\"><span  data-ico-cs=\"&#xe64c;\" class=\"btIcoHolder\"><\/span><\/div><\/div><div class=\"sTxt\"><header class=\"header btClear extrasmall\" ><div class=\"dash\"><h4><span class=\"headline\">COIN GS SAS<\/span><\/h4><\/div><\/header><p>Con nuestro liderazgo y modelo llegamos a comercializar en el mercado nacional como el internacional con exportaci\u00f3n e importaci\u00f3n diferente grupos de productos y proyectos de infraestructura entre otros por medio de nuestra gesti\u00f3n como empresa, gracias al apoyo de nuestro valor agregado del equipo humano y profesional que contamos.<br><\/p><\/div><\/div><div class=\"btClear btSeparator topSemiSpaced noBorder\" ><hr><\/div><\/div><\/div><\/div><div class=\"boldRow \" ><div class=\"rowItem col-md-12 col-ms-12  btTextRight animate animate-fadein animate-moveright inherit\"  ><div class=\"rowItemContent\"><div class=\"btClear btSeparator topSmallSpaced noBorder\" ><hr><\/div><\/div><\/div><\/div><div class=\"boldRow \" ><div class=\"rowItem col-sm-4 col-ms-12 btTextLeft animate animate-fadein btHighlight inherit btDoublePadding\"  ><div class=\"rowItemContent\"><div class=\"btClear btSeparator topSemiSpaced noBorder\" ><hr><\/div><div class=\"servicesItem  mediumIcon borderlessIconType \"><div class=\"sIcon\"><div class=\"btIco medium borderless\"><span  data-ico-cs=\"&#xe64b;\" class=\"btIcoHolder\"><\/span><\/div><\/div><div class=\"sTxt\"><header class=\"header btClear extrasmall\" ><div class=\"dash\"><h4><span class=\"headline\">MISI\u00d3N<\/span><\/h4><\/div><\/header><p>Conquistar con nuestras marca los mercados internacionales con unos procesos productivos y productos de calidad que impacten a nuestros clientes de los 5 continentes. Dando a conocer nuestro portafolio de productos y servicios disponibles en Colombia y el mundo.<br><\/p><\/div><\/div><div class=\"btClear btSeparator topSemiSpaced noBorder\" ><hr><\/div><\/div><\/div><div class=\"rowItem col-sm-4 col-ms-12 btTextLeft animate animate-fadein btHighlight inherit btDoublePadding\"  ><div class=\"rowItemContent\"><div class=\"btClear btSeparator topSemiSpaced noBorder\" ><hr><\/div><div class=\"servicesItem  mediumIcon borderlessIconType \"><div class=\"sIcon\"><div class=\"btIco medium borderless\"><span  data-ico-cs=\"&#xe648;\" class=\"btIcoHolder\"><\/span><\/div><\/div><div class=\"sTxt\"><header class=\"header btClear extrasmall\" ><div class=\"dash\"><h4><span class=\"headline\">VISION<\/span><\/h4><\/div><\/header><p>Ser parte de las empresas que apalancan a las peque\u00f1as pymes e industria organizada para dar a conocer a trav\u00e9s de nuestro portafolio de productos y servicios que permitan tener \u00e9xito en nuestra labor comercial de entrar en los mercados internacionales para ampliar las exportaci\u00f3n de Colombia hacia los 5 continentes.<br><\/p><\/div><\/div><div class=\"btClear btSeparator topSemiSpaced noBorder\" ><hr><\/div><\/div><\/div><div class=\"rowItem col-sm-4 col-ms-12 btTextLeft animate animate-fadein btHighlight inherit btDoublePadding\"  ><div class=\"rowItemContent\"><div class=\"btClear btSeparator topSemiSpaced noBorder\" ><hr><\/div><div class=\"servicesItem  mediumIcon borderlessIconType \"><div class=\"sIcon\"><div class=\"btIco medium borderless\"><span  data-ico-cs=\"&#xe608;\" class=\"btIcoHolder\"><\/span><\/div><\/div><div class=\"sTxt\"><header class=\"header btClear extrasmall\" ><div class=\"dash\"><h4><span class=\"headline\">VALORES<\/span><\/h4><\/div><\/header><p>Cumplimiento, Responsabilidad, Honestidad, Trabajo Grupal, Personal Id\u00f3neo, Innovaci\u00f3n, Evoluci\u00f3n, Experiencia, Calidad.<br><\/p><\/div><\/div><div class=\"btClear btSeparator topSemiSpaced noBorder\" ><hr><\/div><\/div><\/div><\/div><\/div><\/div><\/div><\/section><section id=\"bt_section69d1b6885ceb7\" data-parallax=\"0.1\" data-parallax-offset=\"0\" class=\"boldSection topSpaced bottomSpaced btDarkSkin gutter inherit btParallax wBackground cover\" style=\"background-image:url('https:\/\/coings.com.co\/home\/wp-content\/uploads\/2015\/09\/Blue-background-with-trucks.jpg');\"><div class=\"port\"><div class=\"boldCell\"><div class=\"boldCellInner\"><div class=\"boldRow \" ><div class=\"rowItem col-sm-4 col-ms-12 btTextRight animate animate-fadein animate-moveright btTopVertical btDoublePadding\"  ><div class=\"rowItemContent\"><header class=\"header btClear medium  btAccentDash btRegularTitle\" ><p class=\"btSuperTitle\">NUESTROS VALORES MAS IMPORTANTES<\/p><div class=\"dash\"><h3><span class=\"headline\">NUESTRAS HABILIDADES Y EXPERIENCIA<\/span><\/h3><\/div><\/header><\/div><\/div><div class=\"rowItem col-sm-4 col-ms-12 btTextCenter animate animate-fadein inherit\"  ><div class=\"rowItemContent\"><div class=\"btCounterHolder\"><span class=\"btCounter animate\" data-digit-length=\"2\"><span class=\"onedigit p2 d3\" data-digit=\"3\"><span class=\"n0\">0<\/span><span class=\"n1\">1<\/span><span class=\"n2\">2<\/span><span class=\"n3\">3<\/span><\/span><span class=\"onedigit p1 d6\" data-digit=\"6\"><span class=\"n0\">0<\/span><span class=\"n1\">1<\/span><span class=\"n2\">2<\/span><span class=\"n3\">3<\/span><span class=\"n4\">4<\/span><span class=\"n5\">5<\/span><span class=\"n6\">6<\/span><\/span><\/span><\/div><div class=\"btClear btSeparator bottomExtraSmallSpaced noBorder\" ><hr><\/div><header class=\"header btClear small  btAccentDash btRegularTitle\" ><p class=\"btSuperTitle\">CLIENTES ASESORADOS<\/p><p class=\"btSubTitle\">Nuestra experiencia siempre presente\u2026<\/p><\/header><\/div><\/div><div class=\"rowItem col-sm-4 col-ms-12 btTextCenter animate animate-fadein inherit btDoublePadding\"  ><div class=\"rowItemContent\"><div class=\"btCounterHolder\"><span class=\"btCounter animate\" data-digit-length=\"6\"><span class=\"onedigit p6 d5\" data-digit=\"5\"><span class=\"n0\">0<\/span><span class=\"n1\">1<\/span><span class=\"n2\">2<\/span><span class=\"n3\">3<\/span><span class=\"n4\">4<\/span><span class=\"n5\">5<\/span><\/span><span class=\"onedigit p5 d5\" data-digit=\"5\"><span class=\"n0\">0<\/span><span class=\"n1\">1<\/span><span class=\"n2\">2<\/span><span class=\"n3\">3<\/span><span class=\"n4\">4<\/span><span class=\"n5\">5<\/span><\/span><span class=\"onedigit p4 d.\" data-digit=\".\"><span>.<\/span><\/span><span class=\"onedigit p3 d2\" data-digit=\"2\"><span class=\"n0\">0<\/span><span class=\"n1\">1<\/span><span class=\"n2\">2<\/span><\/span><span class=\"onedigit p2 d5\" data-digit=\"5\"><span class=\"n0\">0<\/span><span class=\"n1\">1<\/span><span class=\"n2\">2<\/span><span class=\"n3\">3<\/span><span class=\"n4\">4<\/span><span class=\"n5\">5<\/span><\/span><span class=\"onedigit p1 d3\" data-digit=\"3\"><span class=\"n0\">0<\/span><span class=\"n1\">1<\/span><span class=\"n2\">2<\/span><span class=\"n3\">3<\/span><\/span><\/span><\/div><div class=\"btClear btSeparator bottomExtraSmallSpaced noBorder\" ><hr><\/div><header class=\"header btClear small  btAccentDash btRegularTitle\" ><p class=\"btSuperTitle\">KM POR A\u00d1O<\/p><p class=\"btSubTitle\">Nuestros servicios recorren el mundo kilometro a kilometro.<\/p><\/header><\/div><\/div><\/div><div class=\"boldRow \" ><div class=\"rowItem col-md-12 col-ms-12  btTextRight animate animate-fadein animate-moveright inherit\"  ><div class=\"rowItemContent\"><div class=\"btClear btSeparator topSemiSpaced noBorder\" ><hr><\/div><\/div><\/div><\/div><div class=\"boldRow \" ><div class=\"rowItem col-sm-4 col-ms-12 btTextLeft\"  ><div class=\"rowItemContent\"><div class=\"bpgPhoto btTextCenter\"  style=\"position: absolute; transform: translateY(0px);\"><div class=\"btImage\"><img src=\"https:\/\/coings.com.co\/home\/wp-content\/uploads\/2015\/10\/truck_green.png\" alt=\"truck_green.png\"><\/div><\/div><\/div><\/div><div class=\"rowItem col-sm-4 col-ms-12 btTextCenter animate animate-fadein inherit\"  ><div class=\"rowItemContent\"><div class=\"btCounterHolder\"><span class=\"btCounter animate\" data-digit-length=\"2\"><span class=\"onedigit p2 d8\" data-digit=\"8\"><span class=\"n0\">0<\/span><span class=\"n1\">1<\/span><span class=\"n2\">2<\/span><span class=\"n3\">3<\/span><span class=\"n4\">4<\/span><span class=\"n5\">5<\/span><span class=\"n6\">6<\/span><span class=\"n7\">7<\/span><span class=\"n8\">8<\/span><\/span><span class=\"onedigit p1 d8\" data-digit=\"8\"><span class=\"n0\">0<\/span><span class=\"n1\">1<\/span><span class=\"n2\">2<\/span><span class=\"n3\">3<\/span><span class=\"n4\">4<\/span><span class=\"n5\">5<\/span><span class=\"n6\">6<\/span><span class=\"n7\">7<\/span><span class=\"n8\">8<\/span><\/span><\/span><\/div><div class=\"btClear btSeparator bottomExtraSmallSpaced noBorder\" ><hr><\/div><header class=\"header btClear small  btAccentDash btRegularTitle\" ><p class=\"btSuperTitle\">IMPORTACIONES EXITOSAS<\/p><p class=\"btSubTitle\">Nuestro servicios y asesor\u00edas en importaci\u00f3n y exportaci\u00f3n de productos.<\/p><\/header><\/div><\/div><div class=\"rowItem col-sm-4 col-ms-12 btTextCenter animate animate-fadein inherit\"  ><div class=\"rowItemContent\"><div class=\"btCounterHolder\"><span class=\"btCounter animate\" data-digit-length=\"2\"><span class=\"onedigit p2 d3\" data-digit=\"3\"><span class=\"n0\">0<\/span><span class=\"n1\">1<\/span><span class=\"n2\">2<\/span><span class=\"n3\">3<\/span><\/span><span class=\"onedigit p1 d2\" data-digit=\"2\"><span class=\"n0\">0<\/span><span class=\"n1\">1<\/span><span class=\"n2\">2<\/span><\/span><\/span><\/div><div class=\"btClear btSeparator bottomExtraSmallSpaced noBorder\" ><hr><\/div><header class=\"header btClear small  btAccentDash btRegularTitle\" ><p class=\"btSuperTitle\">CLIENTES SALISFECHOS<\/p><p class=\"btSubTitle\">La confiablidad de nuestra asesor\u00eda en negociaciones internacionales.<\/p><\/header><\/div><\/div><\/div><\/div><\/div><\/div><\/section><section id=\"bt_section69d1b6885fc8e\"  class=\"boldSection topSpaced bottomSpaced gutter inherit\" ><div class=\"port\"><div class=\"boldCell\"><div class=\"boldCellInner\"><div class=\"boldRow \" ><div class=\"rowItem col-sm-4 col-ms-12 btTextRight animate animate-fadein inherit btDoublePadding\"  ><div class=\"rowItemContent\"><header class=\"header btClear medium  btAccentDash btRegularTitle\" ><p class=\"btSuperTitle\">SERVICIOS ESPECIALES<\/p><div class=\"dash\"><h3><span class=\"headline\">COMERCIALIZADORA INTERNCIONAL GS S.A.S.<\/span><\/h3><\/div><\/header><\/div><\/div><div class=\"rowItem col-sm-4 col-ms-12 btTextLeft animate animate-fadein btTextIndent inherit btDoublePadding\"  ><div class=\"rowItemContent\"><header class=\"header btClear medium  btAccentDash btRegularTitle\" style=\"margin-bottom: 5px;\"><p class=\"btSuperTitle\">NUESTRA C.I.<\/p><\/header><div class=\"btText\"><p>Nuestra marca comercial ofrece servicios log\u00edsticos en la importaci\u00f3n y exportaci\u00f3n de productos para comercializaci\u00f3n dentro y fuera de Colombia.<\/p>\n<p>Nuestra COMERCIALIZADORA INTERNACIONAL esta disponible para buscar nuevos negocios y poder comercializar gran cantidad de productos, buscando segmentarnos en algunos sectores donde hay necesidades puntuales en los mercados internacionales.<\/p>\n<\/div><div class=\"btClear btSeparator bottomExtraSmallSpaced noBorder\" ><hr><\/div><div class=\"btBtn btBtn btnBorderless btnIconRightPosition btnNormalColor btnSmall btnNormal btnIco\" ><div class=\"btIco borderless extrasmall\"><a href=\"#\"  data-ico-fa=\"&#xf105;\" class=\"btIcoHolder\"><span>LEEL M\u00c1S&#8230;<\/span><\/a><\/div><\/div><div class=\"btClear btSeparator bottomExtraSmallSpaced noBorder\" ><hr><\/div><\/div><\/div><div class=\"rowItem col-sm-4 col-ms-12 btTextCenter animate animate-fadein inherit\"  ><div class=\"rowItemContent\"><div class=\"bpgPhoto btTextCenter\" ><div class=\"btImage\"><img src=\"https:\/\/coings.com.co\/home\/wp-content\/uploads\/2015\/09\/Three-trucks-on-blue-background-1200x750.jpg\" alt=\"Three-trucks-on-blue-background-1200x750.jpg\"><\/div><\/div><div class=\"btClear btSeparator topSmallSpaced noBorder\" ><hr><\/div><\/div><\/div><\/div><div class=\"boldRow \" ><div class=\"rowItem col-md-12 col-ms-12  btTextRight animate animate-fadein animate-moveright inherit\"  ><div class=\"rowItemContent\"><div class=\"btClear btSeparator topSmallSpaced noBorder\" ><hr><\/div><\/div><\/div><\/div><div class=\"boldRow \" ><div class=\"rowItem col-sm-4 col-ms-12 btTextLeft animate animate-fadein inherit btDoublePadding\"  ><div class=\"rowItemContent\"><\/div><\/div><div class=\"rowItem col-sm-4 col-ms-12 btTextCenter animate animate-fadein inherit\"  ><div class=\"rowItemContent\"><div class=\"bpgPhoto btTextCenter\" ><div class=\"btImage\"><img src=\"https:\/\/coings.com.co\/home\/wp-content\/uploads\/2015\/10\/shutterstock_14173768-1200x775.jpg\" alt=\"shutterstock_14173768-1200x775.jpg\"><\/div><\/div><\/div><\/div><div class=\"rowItem col-sm-4 col-ms-12 btTextLeft animate animate-fadein inherit btDoublePadding\"  ><div class=\"rowItemContent\"><header class=\"header btClear medium  btAccentDash btRegularTitle\" style=\"margin-bottom: 5px;\"><p class=\"btSuperTitle\">Operador de Transporte multimodal (OTM)<\/p><\/header><div class=\"btText\"><p>Nuestra empresa a generado a trav\u00e9s de los a\u00f1os, alianzas estrat\u00e9gicas con Operadores de Transporte Multimodal Internacional que est\u00e1n registrados ante el Ministerio de Transporte y la Direcci\u00f3n de Impuestos y Aduanas Nacionales &#8211; DIAN de nuestro pa\u00eds para mas confianza y seguridad en nuestra operaci\u00f3n.<\/p>\n<\/div><div class=\"btClear btSeparator bottomExtraSmallSpaced noBorder\" ><hr><\/div><div class=\"btBtn btBtn btnBorderless btnIconRightPosition btnNormalColor btnSmall btnNormal btnIco\" ><div class=\"btIco borderless extrasmall\"><a href=\"#\"  data-ico-fa=\"&#xf105;\" class=\"btIcoHolder\"><span>LEEL M\u00c1S&#8230;<\/span><\/a><\/div><\/div><div class=\"btClear btSeparator bottomSemiSpaced noBorder\" ><hr><\/div><\/div><\/div><\/div><\/div><\/div><\/div><\/section><\/div>","protected":false},"excerpt":{"rendered":"Bienvenidos aCOMERCIALIZADORA INTERNCIONAL GS S.A.S.\u00abEL BUEN SERVICIO\u00abNuestro PortafolioSolicite una Cotizaci\u00f3nSERVICIO AL CLIENTELinea de Soporte +57 313 282 7963HORARIO DE ATENCI\u00d3NLunes \u2013 Viernes 9AM \u2013 5PM S\u00e1bado 9AM \u2013 3PMNUESTRA OFICINAAv. Calle 22 # 40 \u2013 37 Piso 3 Bogot\u00e1 D.C. , Colombia.PRINCIPALES SERVICIOSSeleccionar ServicioTruckingAir CargoOcean CargoCourier ServicesNUESTRA EMPRESACOIN GS S.A.S.EL BUEN SERVICIO.Es una empresa comprometida [...]","protected":false},"author":2,"featured_media":0,"parent":0,"menu_order":0,"comment_status":"closed","ping_status":"closed","template":"","meta":[],"_links":{"self":[{"href":"https:\/\/coings.com.co\/home\/wp-json\/wp\/v2\/pages\/58"}],"collection":[{"href":"https:\/\/coings.com.co\/home\/wp-json\/wp\/v2\/pages"}],"about":[{"href":"https:\/\/coings.com.co\/home\/wp-json\/wp\/v2\/types\/page"}],"author":[{"embeddable":true,"href":"https:\/\/coings.com.co\/home\/wp-json\/wp\/v2\/users\/2"}],"replies":[{"embeddable":true,"href":"https:\/\/coings.com.co\/home\/wp-json\/wp\/v2\/comments?post=58"}],"version-history":[{"count":22,"href":"https:\/\/coings.com.co\/home\/wp-json\/wp\/v2\/pages\/58\/revisions"}],"predecessor-version":[{"id":2265,"href":"https:\/\/coings.com.co\/home\/wp-json\/wp\/v2\/pages\/58\/revisions\/2265"}],"wp:attachment":[{"href":"https:\/\/coings.com.co\/home\/wp-json\/wp\/v2\/media?parent=58"}],"curies":[{"name":"wp","href":"https:\/\/api.w.org\/{rel}","templated":true}]}}