{"id":2192,"date":"2021-07-05T04:29:37","date_gmt":"2021-07-05T04:29:37","guid":{"rendered":"https:\/\/coings.com.co\/home\/?page_id=2192"},"modified":"2021-12-10T04:14:22","modified_gmt":"2021-12-10T04:14:22","slug":"transporte-multimodal","status":"publish","type":"page","link":"https:\/\/coings.com.co\/home\/services\/transporte-multimodal\/","title":{"rendered":"Transporte Multimodal (OTM)"},"content":{"rendered":"<div class=\"bt_rc_container\"><section id=\"bt_section69d8b7fce8f9a\" data-parallax=\"0.1\" data-parallax-offset=\"0\" class=\"boldSection topExtraSpaced bottomSpaced btDarkSkin gutter fullScreenHeight btMiddleVertical btParallax wBackground cover\" style=\"background-image:url('https:\/\/coings.com.co\/home\/wp-content\/uploads\/2015\/09\/Dark-Three-trucks-on-blue-background.jpg');\"><div class=\"port\"><div class=\"boldCell\"><div class=\"boldCellInner\"><div class=\"boldRow \" ><div class=\"rowItem col-md-12 col-ms-12  btTextLeft animate animate-fadein animate-moveleft inherit\"  ><div class=\"rowItemContent\"><header class=\"header btClear extralarge btDash bottomDash  btAccentDash btRegularTitle\" style=\"max-width: 800px;\"><p class=\"btSuperTitle\">Tipo de Servicio<\/p><div class=\"dash\"><h1><span class=\"headline\">TRANSPORTE MULTIMODAL<\/span><\/h1><\/div><p class=\"btSubTitle\">Siempre disponibles&#8230;<\/p><\/header><div class=\"btClear btSeparator bottomSemiSpaced noBorder\" ><hr><\/div><div class=\"btBtn btBtn btnFilled btnIconLeftPosition btnAccentColor btnSmall btnNormal btnIco\" ><div class=\"btIco borderless extrasmall\"><a href=\"#\"  data-ico-fa=\"&#xf0e5;\" class=\"btIcoHolder\"><span>Contacto<\/span><\/a><\/div><\/div><div class=\"btBtn btBtn btnFilled btnIconLeftPosition btnNormalColor btnSmall btnNormal btnIco\" ><div class=\"btIco borderless extrasmall\"><a href=\"#\"  data-ico-cs=\"&#xe61d;\" class=\"btIcoHolder\"><span>Servicios<\/span><\/a><\/div><\/div><\/div><\/div><\/div><\/div><\/div><\/div><\/section><section id=\"bt_section69d8b7fce992a\"  class=\"boldSection topSpaced bottomSemiSpaced gutter inherit\" ><div class=\"port\"><div class=\"boldCell\"><div class=\"boldCellInner\"><div class=\"boldRow \" ><div class=\"rowItem col-md-9 col-ms-12  btTextLeft\"  ><div class=\"rowItemContent\"><header class=\"header btClear medium  btAccentDash btRegularTitle\" ><p class=\"btSuperTitle\">Transporte Multimodal<\/p><div class=\"dash\"><h3><span class=\"headline\">con una perfecta cobertura<\/span><\/h3><\/div><\/header><div class=\"btClear btSeparator topSmallSpaced noBorder\" ><hr><\/div><div class=\"slided smallSliderHeight btSliderHideArrows\"  data-slick='{\"autoplay\":true,\"autoplaySpeed\":3000,\"pauseOnHover\":false,\"pauseOnDotsHover\":true}'><div class=\"slidedItem firstItem\"  data-thumb=\"https:\/\/coings.com.co\/home\/wp-content\/uploads\/2015\/09\/shutterstock_308425934-320x214.jpg\"><div class=\"btSliderPort wBackground cover\" style=\"background-image: url('https:\/\/coings.com.co\/home\/wp-content\/uploads\/2015\/09\/shutterstock_308425934.jpg')\"><div class=\"btSliderCell\" data-slick=\"yes\"><div class=\"btSlideGutter\"><div class=\"btSlidePane\"><\/div><\/div><\/div><\/div><\/div><div class=\"slidedItem firstItem\"  data-thumb=\"https:\/\/coings.com.co\/home\/wp-content\/uploads\/2015\/09\/shutterstock_114021085-320x213.jpg\"><div class=\"btSliderPort wBackground cover\" style=\"background-image: url('https:\/\/coings.com.co\/home\/wp-content\/uploads\/2015\/09\/shutterstock_114021085.jpg')\"><div class=\"btSliderCell\" data-slick=\"yes\"><div class=\"btSlideGutter\"><div class=\"btSlidePane\"><\/div><\/div><\/div><\/div><\/div><div class=\"slidedItem firstItem\"  data-thumb=\"https:\/\/coings.com.co\/home\/wp-content\/uploads\/2015\/09\/shutterstock_158330768-320x213.jpg\"><div class=\"btSliderPort wBackground cover\" style=\"background-image: url('https:\/\/coings.com.co\/home\/wp-content\/uploads\/2015\/09\/shutterstock_158330768.jpg')\"><div class=\"btSliderCell\" data-slick=\"yes\"><div class=\"btSlideGutter\"><div class=\"btSlidePane\"><\/div><\/div><\/div><\/div><\/div><\/div><div class=\"btClear btSeparator topSemiSpaced noBorder\" ><hr><\/div><div class=\"btText\"><p>Nuestra empresa a generado a trav\u00e9s de los a\u00f1os, alianzas estrat\u00e9gicas con Operadores de Transporte Multimodal Internacional que est\u00e1n registrados ante el Ministerio de Transporte y la Direcci\u00f3n de Impuestos y Aduanas Nacionales \u2013 DIAN de nuestro pa\u00eds para mas confianza y seguridad en nuestra operaci\u00f3n.<\/p>\n<\/div><div class=\"btClear btSeparator topSmallSpaced noBorder\" ><hr><\/div><div class=\"btText\"><blockquote><p>El OTM permite realizar el transporte internacional de carga por dos o m\u00e1s modos diferentes de transporte en virtud de un \u00fanico contrato, desde el punto convenido en el pa\u00eds de origen hasta otro lugar designado para su entrega en Colombia: zonas francas y dep\u00f3sitos aduaneros en el interior del pa\u00eds, sin necesidad de nacionalizar en puerto, con beneficios en:<br \/>\n\u2751 Disminuci\u00f3n de costos y tiempos en operaciones portuarias al evitar la nacionalizaci\u00f3n en puerto.<br \/>\n\u2751 Disposici\u00f3n de mercanc\u00edas en dep\u00f3sitos y zonas francas, para mayor facilidad en diligencias de reconocimiento y verificaci\u00f3n que fueren necesarias, as\u00ed como en nacionalizaci\u00f3n de parciales.<br \/>\n\u2751 Gesti\u00f3n y control de la operaci\u00f3n por parte del mismo actor transportador.<br \/>\n\u2751 Menor manipulaci\u00f3n de la carga en puertos con su correspondiente beneficio en seguridad e integridad.<\/p><\/blockquote>\n<\/div><\/div><\/div><div class=\"rowItem col-md-3 col-sm-6 col-ms-12 btTextLeft inherit btDoublePadding\"  ><div class=\"rowItemContent\"><header class=\"header btClear small  btAccentDash btRegularTitle\" ><p class=\"btSuperTitle\">TODOS NUESTROS<\/p><div class=\"dash\"><h4><span class=\"headline\">SERVICIOS<\/span><\/h4><\/div><\/header><div class=\"btCustomMenu \" ><div class=\"menu-servicios-container\"><ul id=\"menu-servicios\" class=\"menu\"><li id=\"menu-item-1150\" class=\"menu-item menu-item-type-post_type menu-item-object-page menu-item-1150\"><a title=\"\t\t\t\t\t\t\" href=\"https:\/\/coings.com.co\/home\/services\/aereo\/\">Transporte A\u00e9reo<\/a><\/li><li id=\"menu-item-1149\" class=\"menu-item menu-item-type-post_type menu-item-object-page menu-item-1149\"><a title=\"\t\t\t\t\t\t\" href=\"https:\/\/coings.com.co\/home\/services\/maritimo\/\">Transporte Mar\u00edtimo<\/a><\/li><li id=\"menu-item-1151\" class=\"menu-item menu-item-type-post_type menu-item-object-page menu-item-1151\"><a title=\"\t\t\t\t\t\t\" href=\"https:\/\/coings.com.co\/home\/services\/transporte_terrestre\/\">Transporte Terrestre<\/a><\/li><li id=\"menu-item-2337\" class=\"menu-item menu-item-type-post_type menu-item-object-page menu-item-2337\"><a href=\"https:\/\/coings.com.co\/home\/services\/transporte-multimodal\/\">Transporte Multimodal (OTM)<\/a><\/li>\n<\/ul><\/div><\/div><div class=\"btClear btSeparator topSemiSpaced noBorder\" ><hr><\/div><header class=\"header btClear small  btAccentDash btRegularTitle\" ><p class=\"btSuperTitle\">ARCHIVOS<\/p><div class=\"dash\"><h4><span class=\"headline\">DESCARGABLES<\/span><\/h4><\/div><\/header><div class=\"btBtn btBtn btnOutline btnIconLeftPosition btnLightColor btnSmall btnFull btnIco\" ><div class=\"btIco borderless extrasmall\"><a href=\"#\"  target=\"_blank\"  data-ico-fa=\"&#xf1c1;\" class=\"btIcoHolder\"><span>Nuestro Portafolio<\/span><\/a><\/div><\/div><div class=\"btClear btSeparator topExtraSmallSpaced noBorder\" ><hr><\/div><div class=\"btBtn btBtn btnOutline btnIconLeftPosition btnLightColor btnSmall btnFull btnIco\" ><div class=\"btIco borderless extrasmall\"><a href=\"#\"  target=\"_blank\"  data-ico-fa=\"&#xf1ec;\" class=\"btIcoHolder\"><span>Otros Servicios<\/span><\/a><\/div><\/div><div class=\"btClear btSeparator topSpaced noBorder\" ><hr><\/div><header class=\"header btClear small  btAccentDash btRegularTitle\" ><div class=\"dash\"><h4><span class=\"headline\">CONTACTENOS<\/span><\/h4><\/div><\/header><div class=\"btIconImageRow\" ><div class=\"btIco borderless extrasmall\"><span  data-ico-fa=\"&#xf098;\" class=\"btIcoHolder\"><span>Tel\u00e9fono: +(57) 313 282 7963<\/span><\/span><\/div><\/div><div class=\"btIconImageRow\" ><div class=\"btIco borderless extrasmall\"><span  data-ico-fa=\"&#xf0e0;\" class=\"btIcoHolder\"><span>Mail: coingscolombia@gmail.com<\/span><\/span><\/div><\/div><div class=\"btClear btSeparator topSmallSpaced noBorder\" ><hr><\/div><\/div><\/div><\/div><\/div><\/div><\/div><\/section><section id=\"bt_section69d8b7fceedf6\"  class=\"boldSection bottomSpaced gutter inherit\" ><div class=\"port\"><div class=\"boldCell\"><div class=\"boldCellInner\"><div class=\"boldRow \" ><div class=\"rowItem col-md-3 col-sm-6 col-ms-12 btTextLeft animate animate-fadein btHighlight inherit\"  ><div class=\"rowItemContent\"><div class=\"btClear btSeparator topSemiSpaced noBorder\" ><hr><\/div><div class=\"servicesItem  mediumIcon borderlessIconType \"><div class=\"sIcon\"><div class=\"btIco medium borderless\"><span  data-ico-cs=\"&#xe636;\" class=\"btIcoHolder\"><\/span><\/div><\/div><div class=\"sTxt\"><header class=\"header btClear extrasmall\" ><div class=\"dash\"><h4><span class=\"headline\">NUESTRA EXPERIENCIA<\/span><\/h4><\/div><\/header><p>El tiempo nos da la raz\u00f3n en el desarrollo de nuestros procesos log\u00edsticos.<br><\/p><\/div><\/div><div class=\"btClear btSeparator topSemiSpaced noBorder\" ><hr><\/div><\/div><\/div><div class=\"rowItem col-md-3 col-sm-6 col-ms-12 btTextLeft animate animate-fadein btHighlight inherit\"  ><div class=\"rowItemContent\"><div class=\"btClear btSeparator topSemiSpaced noBorder\" ><hr><\/div><div class=\"servicesItem  mediumIcon borderlessIconType \"><div class=\"sIcon\"><div class=\"btIco medium borderless\"><span  data-ico-s7=\"&#xe622;\" class=\"btIcoHolder\"><\/span><\/div><\/div><div class=\"sTxt\"><header class=\"header btClear extrasmall\" ><div class=\"dash\"><h4><span class=\"headline\">CALIDAD<\/span><\/h4><\/div><\/header><p>Contamos con procesos de alta calidad en nuestra log\u00edstica en el dia a dia.<br><\/p><\/div><\/div><div class=\"btClear btSeparator topSemiSpaced noBorder\" ><hr><\/div><\/div><\/div><div class=\"rowItem col-md-3 col-sm-6 col-ms-12 btTextLeft animate animate-fadein btHighlight inherit\"  ><div class=\"rowItemContent\"><div class=\"btClear btSeparator topSemiSpaced noBorder\" ><hr><\/div><div class=\"servicesItem  mediumIcon borderlessIconType \"><div class=\"sIcon\"><div class=\"btIco medium borderless\"><span  data-ico-cs=\"&#xe61c;\" class=\"btIcoHolder\"><\/span><\/div><\/div><div class=\"sTxt\"><header class=\"header btClear extrasmall\" ><div class=\"dash\"><h4><span class=\"headline\">PERSONAL CALIFICADO<\/span><\/h4><\/div><\/header><p>Nuestra empresa cuenta con un personal comprometido y calificado en cada procesos.<br><\/p><\/div><\/div><div class=\"btClear btSeparator topSemiSpaced noBorder\" ><hr><\/div><\/div><\/div><div class=\"rowItem col-md-3 col-sm-6 col-ms-12 btTextLeft animate animate-fadein inherit btDoublePadding\"  ><div class=\"rowItemContent\"><div class=\"btClear btSeparator topSemiSpaced noBorder\" ><hr><\/div><header class=\"header btClear small  btAccentDash btRegularTitle\" ><p class=\"btSuperTitle\">NUESTROS SERVICIOS<\/p><div class=\"dash\"><h4><span class=\"headline\">VER LOS DETALLLES<\/span><\/h4><\/div><\/header><\/div><\/div><\/div><\/div><\/div><\/div><\/section><\/div>","protected":false},"excerpt":{"rendered":"Tipo de ServicioTRANSPORTE MULTIMODALSiempre disponibles&#8230;ContactoServiciosTransporte Multimodalcon una perfecta coberturaNuestra empresa a generado a trav\u00e9s de los a\u00f1os, alianzas estrat\u00e9gicas con Operadores de Transporte Multimodal Internacional que est\u00e1n registrados ante el Ministerio de Transporte y la Direcci\u00f3n de Impuestos y Aduanas Nacionales \u2013 DIAN de nuestro pa\u00eds para mas confianza y seguridad en nuestra operaci\u00f3n. El [...]","protected":false},"author":1,"featured_media":0,"parent":56,"menu_order":0,"comment_status":"closed","ping_status":"closed","template":"","meta":[],"_links":{"self":[{"href":"https:\/\/coings.com.co\/home\/wp-json\/wp\/v2\/pages\/2192"}],"collection":[{"href":"https:\/\/coings.com.co\/home\/wp-json\/wp\/v2\/pages"}],"about":[{"href":"https:\/\/coings.com.co\/home\/wp-json\/wp\/v2\/types\/page"}],"author":[{"embeddable":true,"href":"https:\/\/coings.com.co\/home\/wp-json\/wp\/v2\/users\/1"}],"replies":[{"embeddable":true,"href":"https:\/\/coings.com.co\/home\/wp-json\/wp\/v2\/comments?post=2192"}],"version-history":[{"count":17,"href":"https:\/\/coings.com.co\/home\/wp-json\/wp\/v2\/pages\/2192\/revisions"}],"predecessor-version":[{"id":2340,"href":"https:\/\/coings.com.co\/home\/wp-json\/wp\/v2\/pages\/2192\/revisions\/2340"}],"up":[{"embeddable":true,"href":"https:\/\/coings.com.co\/home\/wp-json\/wp\/v2\/pages\/56"}],"wp:attachment":[{"href":"https:\/\/coings.com.co\/home\/wp-json\/wp\/v2\/media?parent=2192"}],"curies":[{"name":"wp","href":"https:\/\/api.w.org\/{rel}","templated":true}]}}